{"id":2,"date":"2023-06-28T10:12:17","date_gmt":"2023-06-28T08:12:17","guid":{"rendered":"http:\/\/vercors-randonnee.fr\/?page_id=2"},"modified":"2024-04-19T08:23:13","modified_gmt":"2024-04-19T06:23:13","slug":"reservation-randonnees-vercors","status":"publish","type":"page","link":"https:\/\/vercors-randonnee.fr\/index.php\/reservation-randonnees-vercors\/","title":{"rendered":"R\u00e9servez vos randonn\u00e9es"},"content":{"rendered":"\n<p>Bonjour en cliquant ci dessous vous acc\u00e9derez \u00e0 toutes les balades, randonn\u00e9es, d\u00e9couvertes et explorations de &#8220;Randonn\u00e9e Vercors&#8221;, \u00e0 bient\u00f4t.<\/p>\n\n\n\n<input class=\"YoplanningBookingEngine\" booking-engine-url=\"https:\/\/booking.yoplanning.pro\/65e8bd9a-962c-4844-ad9d-62eeafd3746a\/\" style=\" border: 0; border-radius: 3px; -moz-border-radius: 3px; -webkit-border-radius: 3px; box-shadow: 0 1px 3px rgb(0 0 0 \/ 12%), 0 1px 2px rgb(0 0 0 \/ 24%); box-sizing: border-box; -webkit-box-sizing: border-box; cursor: pointer; display: inline-block; font-family:sans-serif; text-align: center; user-select: none; background-color: #73e7a0; color: #fff; font-size: 14px; height: 44px; line-height: 44px; padding: 0px 40px; position: relative; z-index: 0;\" type=\"submit\" value=\"R\u00e9server\" \/> <script type=\"text\/javascript\" src=\"https:\/\/booking.yoplanning.pro\/integration\/script.js\" async><\/script>\n","protected":false},"excerpt":{"rendered":"<p>Bonjour en cliquant ci dessous vous acc\u00e9derez \u00e0 toutes les balades, randonn\u00e9es, d\u00e9couvertes et explorations de &#8220;Randonn\u00e9e Vercors&#8221;, \u00e0 bient\u00f4t.<\/p>\n","protected":false},"author":1,"featured_media":0,"parent":0,"menu_order":0,"comment_status":"closed","ping_status":"closed","template":"","meta":{"om_disable_all_campaigns":false,"_monsterinsights_skip_tracking":false,"_monsterinsights_sitenote_active":false,"_monsterinsights_sitenote_note":"","_monsterinsights_sitenote_category":0,"_uf_show_specific_survey":0,"_uf_disable_surveys":false,"footnotes":""},"class_list":["post-2","page","type-page","status-publish","hentry"],"yoast_head":"<!-- This site is optimized with the Yoast SEO plugin v27.3 - https:\/\/yoast.com\/product\/yoast-seo-wordpress\/ -->\n<title>R\u00e9servez vos randonn\u00e9es - Randonn\u00e9e Vercors<\/title>\n<meta name=\"robots\" content=\"index, follow, max-snippet:-1, max-image-preview:large, max-video-preview:-1\" \/>\n<link rel=\"canonical\" href=\"https:\/\/vercors-randonnee.fr\/index.php\/reservation-randonnees-vercors\/\" \/>\n<meta property=\"og:locale\" content=\"en_US\" \/>\n<meta property=\"og:type\" content=\"article\" \/>\n<meta property=\"og:title\" content=\"R\u00e9servez vos randonn\u00e9es - Randonn\u00e9e Vercors\" \/>\n<meta property=\"og:description\" content=\"Bonjour en cliquant ci dessous vous acc\u00e9derez \u00e0 toutes les balades, randonn\u00e9es, d\u00e9couvertes et explorations de &#8220;Randonn\u00e9e Vercors&#8221;, \u00e0 bient\u00f4t.\" \/>\n<meta property=\"og:url\" content=\"https:\/\/vercors-randonnee.fr\/index.php\/reservation-randonnees-vercors\/\" \/>\n<meta property=\"og:site_name\" content=\"Randonn\u00e9e Vercors\" \/>\n<meta property=\"article:publisher\" content=\"https:\/\/www.facebook.com\/Rando.Vercors\" \/>\n<meta property=\"article:modified_time\" content=\"2024-04-19T06:23:13+00:00\" \/>\n<meta property=\"og:image\" content=\"https:\/\/vercors-randonnee.fr\/wp-content\/uploads\/2023\/07\/IMG_20190914_135451-1-scaled.jpg\" \/>\n\t<meta property=\"og:image:width\" content=\"2560\" \/>\n\t<meta property=\"og:image:height\" content=\"1440\" \/>\n\t<meta property=\"og:image:type\" content=\"image\/jpeg\" \/>\n<meta name=\"twitter:card\" content=\"summary_large_image\" \/>\n<meta name=\"twitter:label1\" content=\"Est. reading time\" \/>\n\t<meta name=\"twitter:data1\" content=\"1 minute\" \/>\n<script type=\"application\/ld+json\" class=\"yoast-schema-graph\">{\"@context\":\"https:\\\/\\\/schema.org\",\"@graph\":[{\"@type\":\"WebPage\",\"@id\":\"https:\\\/\\\/vercors-randonnee.fr\\\/index.php\\\/reservation-randonnees-vercors\\\/\",\"url\":\"https:\\\/\\\/vercors-randonnee.fr\\\/index.php\\\/reservation-randonnees-vercors\\\/\",\"name\":\"R\u00e9servez vos randonn\u00e9es - Randonn\u00e9e Vercors\",\"isPartOf\":{\"@id\":\"https:\\\/\\\/vercors-randonnee.fr\\\/#website\"},\"datePublished\":\"2023-06-28T08:12:17+00:00\",\"dateModified\":\"2024-04-19T06:23:13+00:00\",\"breadcrumb\":{\"@id\":\"https:\\\/\\\/vercors-randonnee.fr\\\/index.php\\\/reservation-randonnees-vercors\\\/#breadcrumb\"},\"inLanguage\":\"en-US\",\"potentialAction\":[{\"@type\":\"ReadAction\",\"target\":[\"https:\\\/\\\/vercors-randonnee.fr\\\/index.php\\\/reservation-randonnees-vercors\\\/\"]}]},{\"@type\":\"BreadcrumbList\",\"@id\":\"https:\\\/\\\/vercors-randonnee.fr\\\/index.php\\\/reservation-randonnees-vercors\\\/#breadcrumb\",\"itemListElement\":[{\"@type\":\"ListItem\",\"position\":1,\"name\":\"Accueil\",\"item\":\"https:\\\/\\\/vercors-randonnee.fr\\\/\"},{\"@type\":\"ListItem\",\"position\":2,\"name\":\"R\u00e9servez vos randonn\u00e9es\"}]},{\"@type\":\"WebSite\",\"@id\":\"https:\\\/\\\/vercors-randonnee.fr\\\/#website\",\"url\":\"https:\\\/\\\/vercors-randonnee.fr\\\/\",\"name\":\"Randonn\u00e9e Vercors\",\"description\":\"Si tu n&#039;arrives pas \u00e0 penser, marche; si tu penses trop, marche; si tu penses mal, marche encore. (Jean Giono)\",\"publisher\":{\"@id\":\"https:\\\/\\\/vercors-randonnee.fr\\\/#organization\"},\"potentialAction\":[{\"@type\":\"SearchAction\",\"target\":{\"@type\":\"EntryPoint\",\"urlTemplate\":\"https:\\\/\\\/vercors-randonnee.fr\\\/?s={search_term_string}\"},\"query-input\":{\"@type\":\"PropertyValueSpecification\",\"valueRequired\":true,\"valueName\":\"search_term_string\"}}],\"inLanguage\":\"en-US\"},{\"@type\":\"Organization\",\"@id\":\"https:\\\/\\\/vercors-randonnee.fr\\\/#organization\",\"name\":\"randonn\u00e9e vercors\",\"alternateName\":\"nature vercors\",\"url\":\"https:\\\/\\\/vercors-randonnee.fr\\\/\",\"logo\":{\"@type\":\"ImageObject\",\"inLanguage\":\"en-US\",\"@id\":\"https:\\\/\\\/vercors-randonnee.fr\\\/#\\\/schema\\\/logo\\\/image\\\/\",\"url\":\"https:\\\/\\\/vercors-randonnee.fr\\\/wp-content\\\/uploads\\\/2023\\\/07\\\/cropped-logo-nature-vercors-detoure-copie.png\",\"contentUrl\":\"https:\\\/\\\/vercors-randonnee.fr\\\/wp-content\\\/uploads\\\/2023\\\/07\\\/cropped-logo-nature-vercors-detoure-copie.png\",\"width\":324,\"height\":250,\"caption\":\"randonn\u00e9e vercors\"},\"image\":{\"@id\":\"https:\\\/\\\/vercors-randonnee.fr\\\/#\\\/schema\\\/logo\\\/image\\\/\"},\"sameAs\":[\"https:\\\/\\\/www.facebook.com\\\/Rando.Vercors\"]}]}<\/script>\n<!-- \/ Yoast SEO plugin. -->","yoast_head_json":{"title":"R\u00e9servez vos randonn\u00e9es - Randonn\u00e9e Vercors","robots":{"index":"index","follow":"follow","max-snippet":"max-snippet:-1","max-image-preview":"max-image-preview:large","max-video-preview":"max-video-preview:-1"},"canonical":"https:\/\/vercors-randonnee.fr\/index.php\/reservation-randonnees-vercors\/","og_locale":"en_US","og_type":"article","og_title":"R\u00e9servez vos randonn\u00e9es - Randonn\u00e9e Vercors","og_description":"Bonjour en cliquant ci dessous vous acc\u00e9derez \u00e0 toutes les balades, randonn\u00e9es, d\u00e9couvertes et explorations de &#8220;Randonn\u00e9e Vercors&#8221;, \u00e0 bient\u00f4t.","og_url":"https:\/\/vercors-randonnee.fr\/index.php\/reservation-randonnees-vercors\/","og_site_name":"Randonn\u00e9e Vercors","article_publisher":"https:\/\/www.facebook.com\/Rando.Vercors","article_modified_time":"2024-04-19T06:23:13+00:00","og_image":[{"width":2560,"height":1440,"url":"https:\/\/vercors-randonnee.fr\/wp-content\/uploads\/2023\/07\/IMG_20190914_135451-1-scaled.jpg","type":"image\/jpeg"}],"twitter_card":"summary_large_image","twitter_misc":{"Est. reading time":"1 minute"},"schema":{"@context":"https:\/\/schema.org","@graph":[{"@type":"WebPage","@id":"https:\/\/vercors-randonnee.fr\/index.php\/reservation-randonnees-vercors\/","url":"https:\/\/vercors-randonnee.fr\/index.php\/reservation-randonnees-vercors\/","name":"R\u00e9servez vos randonn\u00e9es - Randonn\u00e9e Vercors","isPartOf":{"@id":"https:\/\/vercors-randonnee.fr\/#website"},"datePublished":"2023-06-28T08:12:17+00:00","dateModified":"2024-04-19T06:23:13+00:00","breadcrumb":{"@id":"https:\/\/vercors-randonnee.fr\/index.php\/reservation-randonnees-vercors\/#breadcrumb"},"inLanguage":"en-US","potentialAction":[{"@type":"ReadAction","target":["https:\/\/vercors-randonnee.fr\/index.php\/reservation-randonnees-vercors\/"]}]},{"@type":"BreadcrumbList","@id":"https:\/\/vercors-randonnee.fr\/index.php\/reservation-randonnees-vercors\/#breadcrumb","itemListElement":[{"@type":"ListItem","position":1,"name":"Accueil","item":"https:\/\/vercors-randonnee.fr\/"},{"@type":"ListItem","position":2,"name":"R\u00e9servez vos randonn\u00e9es"}]},{"@type":"WebSite","@id":"https:\/\/vercors-randonnee.fr\/#website","url":"https:\/\/vercors-randonnee.fr\/","name":"Randonn\u00e9e Vercors","description":"Si tu n&#039;arrives pas \u00e0 penser, marche; si tu penses trop, marche; si tu penses mal, marche encore. (Jean Giono)","publisher":{"@id":"https:\/\/vercors-randonnee.fr\/#organization"},"potentialAction":[{"@type":"SearchAction","target":{"@type":"EntryPoint","urlTemplate":"https:\/\/vercors-randonnee.fr\/?s={search_term_string}"},"query-input":{"@type":"PropertyValueSpecification","valueRequired":true,"valueName":"search_term_string"}}],"inLanguage":"en-US"},{"@type":"Organization","@id":"https:\/\/vercors-randonnee.fr\/#organization","name":"randonn\u00e9e vercors","alternateName":"nature vercors","url":"https:\/\/vercors-randonnee.fr\/","logo":{"@type":"ImageObject","inLanguage":"en-US","@id":"https:\/\/vercors-randonnee.fr\/#\/schema\/logo\/image\/","url":"https:\/\/vercors-randonnee.fr\/wp-content\/uploads\/2023\/07\/cropped-logo-nature-vercors-detoure-copie.png","contentUrl":"https:\/\/vercors-randonnee.fr\/wp-content\/uploads\/2023\/07\/cropped-logo-nature-vercors-detoure-copie.png","width":324,"height":250,"caption":"randonn\u00e9e vercors"},"image":{"@id":"https:\/\/vercors-randonnee.fr\/#\/schema\/logo\/image\/"},"sameAs":["https:\/\/www.facebook.com\/Rando.Vercors"]}]}},"_links":{"self":[{"href":"https:\/\/vercors-randonnee.fr\/index.php\/wp-json\/wp\/v2\/pages\/2","targetHints":{"allow":["GET"]}}],"collection":[{"href":"https:\/\/vercors-randonnee.fr\/index.php\/wp-json\/wp\/v2\/pages"}],"about":[{"href":"https:\/\/vercors-randonnee.fr\/index.php\/wp-json\/wp\/v2\/types\/page"}],"author":[{"embeddable":true,"href":"https:\/\/vercors-randonnee.fr\/index.php\/wp-json\/wp\/v2\/users\/1"}],"replies":[{"embeddable":true,"href":"https:\/\/vercors-randonnee.fr\/index.php\/wp-json\/wp\/v2\/comments?post=2"}],"version-history":[{"count":6,"href":"https:\/\/vercors-randonnee.fr\/index.php\/wp-json\/wp\/v2\/pages\/2\/revisions"}],"predecessor-version":[{"id":210,"href":"https:\/\/vercors-randonnee.fr\/index.php\/wp-json\/wp\/v2\/pages\/2\/revisions\/210"}],"wp:attachment":[{"href":"https:\/\/vercors-randonnee.fr\/index.php\/wp-json\/wp\/v2\/media?parent=2"}],"curies":[{"name":"wp","href":"https:\/\/api.w.org\/{rel}","templated":true}]}}